{"id":1594,"date":"2022-11-26T05:47:29","date_gmt":"2022-11-26T10:47:29","guid":{"rendered":"https:\/\/www.gardenmusiconline.com\/?page_id=1594"},"modified":"2024-03-12T11:37:24","modified_gmt":"2024-03-12T16:37:24","slug":"little-stars","status":"publish","type":"page","link":"https:\/\/www.gardenmusiconline.com\/es\/little-stars\/","title":{"rendered":"Peque\u00f1as Estrellas"},"content":{"rendered":"<div data-elementor-type=\"wp-page\" data-elementor-id=\"1594\" class=\"elementor elementor-1594\" data-elementor-post-type=\"page\">\n\t\t\t\t\t\t<section class=\"elementor-section elementor-top-section elementor-element elementor-element-fd3c368 elementor-section-boxed elementor-section-height-default elementor-section-height-default\" data-id=\"fd3c368\" data-element_type=\"section\" data-settings=\"{&quot;background_background&quot;:&quot;classic&quot;}\">\n\t\t\t\t\t\t\t<div class=\"elementor-background-overlay\"><\/div>\n\t\t\t\t\t\t\t<div class=\"elementor-container elementor-column-gap-extended\">\n\t\t\t\t\t<div class=\"elementor-column elementor-col-66 elementor-top-column elementor-element elementor-element-6e2b61f\" data-id=\"6e2b61f\" data-element_type=\"column\" data-settings=\"{&quot;background_background&quot;:&quot;gradient&quot;}\">\n\t\t\t<div class=\"elementor-widget-wrap elementor-element-populated\">\n\t\t\t\t\t\t<div class=\"elementor-element elementor-element-4cfb17b elementor-widget elementor-widget-heading\" data-id=\"4cfb17b\" data-element_type=\"widget\" data-widget_type=\"heading.default\">\n\t\t\t\t<div class=\"elementor-widget-container\">\n\t\t\t\t\t<h3 class=\"elementor-heading-title elementor-size-large\">Private lessons available for 3-5\u00a0year\u00a0old\u00a0kids<\/h3>\t\t\t\t<\/div>\n\t\t\t\t<\/div>\n\t\t\t\t<div class=\"elementor-element elementor-element-2c436e1 elementor-widget elementor-widget-heading\" data-id=\"2c436e1\" data-element_type=\"widget\" data-widget_type=\"heading.default\">\n\t\t\t\t<div class=\"elementor-widget-container\">\n\t\t\t\t\t<h1 class=\"elementor-heading-title elementor-size-xxl\">Peque\u00f1as Estrellas<\/h1>\t\t\t\t<\/div>\n\t\t\t\t<\/div>\n\t\t\t\t\t<\/div>\n\t\t<\/div>\n\t\t\t\t<div class=\"elementor-column elementor-col-33 elementor-top-column elementor-element elementor-element-fb73193\" data-id=\"fb73193\" data-element_type=\"column\">\n\t\t\t<div class=\"elementor-widget-wrap\">\n\t\t\t\t\t\t\t<\/div>\n\t\t<\/div>\n\t\t\t\t\t<\/div>\n\t\t<\/section>\n\t\t\t\t<section class=\"elementor-section elementor-top-section elementor-element elementor-element-9fff191 elementor-section-full_width elementor-section-height-default elementor-section-height-default\" data-id=\"9fff191\" data-element_type=\"section\" data-settings=\"{&quot;background_background&quot;:&quot;classic&quot;,&quot;shape_divider_bottom&quot;:&quot;tilt&quot;}\">\n\t\t\t\t\t<div class=\"elementor-shape elementor-shape-bottom\" aria-hidden=\"true\" data-negative=\"false\">\n\t\t\t<svg xmlns=\"http:\/\/www.w3.org\/2000\/svg\" viewbox=\"0 0 1000 100\" preserveaspectratio=\"none\">\n\t<path class=\"elementor-shape-fill\" d=\"M0,6V0h1000v100L0,6z\"\/>\n<\/svg>\t\t<\/div>\n\t\t\t\t\t<div class=\"elementor-container elementor-column-gap-default\">\n\t\t\t\t\t<div class=\"elementor-column elementor-col-100 elementor-top-column elementor-element elementor-element-ff0dab1\" data-id=\"ff0dab1\" data-element_type=\"column\">\n\t\t\t<div class=\"elementor-widget-wrap elementor-element-populated\">\n\t\t\t\t\t\t<div class=\"elementor-element elementor-element-d58f7f0 elementor-widget elementor-widget-heading\" data-id=\"d58f7f0\" data-element_type=\"widget\" data-widget_type=\"heading.default\">\n\t\t\t\t<div class=\"elementor-widget-container\">\n\t\t\t\t\t<p class=\"elementor-heading-title elementor-size-large\">Peque\u00f1as Estrellas es nuestro programa de m\u00fasica para la primera infancia cuyo objetivo es introducir a los ni\u00f1os en las maravillas de la m\u00fasica. Aqu\u00ed nos centramos en el ritmo, el tono y la diversi\u00f3n. Los estudiantes jugar\u00e1n y aprender\u00e1n con una variedad de instrumentos para ver qu\u00e9 direcci\u00f3n quieren tomar en el futuro. \n\n<\/p>\t\t\t\t<\/div>\n\t\t\t\t<\/div>\n\t\t\t\t\t<\/div>\n\t\t<\/div>\n\t\t\t\t\t<\/div>\n\t\t<\/section>\n\t\t\t\t<section class=\"elementor-section elementor-top-section elementor-element elementor-element-168286c elementor-section-boxed elementor-section-height-default elementor-section-height-default\" data-id=\"168286c\" data-element_type=\"section\">\n\t\t\t\t\t\t<div class=\"elementor-container elementor-column-gap-default\">\n\t\t\t\t\t<div class=\"elementor-column elementor-col-100 elementor-top-column elementor-element elementor-element-fbebba8\" data-id=\"fbebba8\" data-element_type=\"column\">\n\t\t\t<div class=\"elementor-widget-wrap elementor-element-populated\">\n\t\t\t\t\t\t<div class=\"elementor-element elementor-element-dccef26 elementor-widget elementor-widget-video\" data-id=\"dccef26\" data-element_type=\"widget\" data-settings=\"{&quot;youtube_url&quot;:&quot;https:\\\/\\\/www.youtube.com\\\/watch?v=ZwdgcRtOlS0&quot;,&quot;autoplay&quot;:&quot;yes&quot;,&quot;play_on_mobile&quot;:&quot;yes&quot;,&quot;video_type&quot;:&quot;youtube&quot;,&quot;controls&quot;:&quot;yes&quot;}\" data-widget_type=\"video.default\">\n\t\t\t\t<div class=\"elementor-widget-container\">\n\t\t\t\t\t\t\t<div class=\"elementor-wrapper elementor-open-inline\">\n\t\t\t<div class=\"elementor-video\"><\/div>\t\t<\/div>\n\t\t\t\t\t\t<\/div>\n\t\t\t\t<\/div>\n\t\t\t\t\t<\/div>\n\t\t<\/div>\n\t\t\t\t\t<\/div>\n\t\t<\/section>\n\t\t\t\t<section class=\"elementor-section elementor-top-section elementor-element elementor-element-27d08fb elementor-section-boxed elementor-section-height-default elementor-section-height-default\" data-id=\"27d08fb\" data-element_type=\"section\">\n\t\t\t\t\t\t<div class=\"elementor-container elementor-column-gap-default\">\n\t\t\t\t\t<div class=\"elementor-column elementor-col-100 elementor-top-column elementor-element elementor-element-7e48e1d\" data-id=\"7e48e1d\" data-element_type=\"column\">\n\t\t\t<div class=\"elementor-widget-wrap elementor-element-populated\">\n\t\t\t\t\t\t<div class=\"elementor-element elementor-element-44d7fea elementor-align-center elementor-mobile-align-center elementor-widget elementor-widget-button\" data-id=\"44d7fea\" data-element_type=\"widget\" data-widget_type=\"button.default\">\n\t\t\t\t<div class=\"elementor-widget-container\">\n\t\t\t\t\t\t\t\t\t<div class=\"elementor-button-wrapper\">\n\t\t\t\t\t<a class=\"elementor-button elementor-button-link elementor-size-xl elementor-animation-pulse\" href=\"https:\/\/gardenmusicschool.studioautopilot.com\/lessons\/?s=1&#038;instrument=Preschool+Music\" target=\"_blank\" rel=\"nofollow\">\n\t\t\t\t\t\t<span class=\"elementor-button-content-wrapper\">\n\t\t\t\t\t\t<span class=\"elementor-button-icon\">\n\t\t\t\t<i aria-hidden=\"true\" class=\"fas fa-arrow-circle-right\"><\/i>\t\t\t<\/span>\n\t\t\t\t\t\t\t\t\t<span class=\"elementor-button-text\">\u00a1RESERVAR AHORA!<\/span>\n\t\t\t\t\t<\/span>\n\t\t\t\t\t<\/a>\n\t\t\t\t<\/div>\n\t\t\t\t\t\t\t\t<\/div>\n\t\t\t\t<\/div>\n\t\t\t\t\t<\/div>\n\t\t<\/div>\n\t\t\t\t\t<\/div>\n\t\t<\/section>\n\t\t\t\t<\/div>","protected":false},"excerpt":{"rendered":"<p>Private lessons available for 3-5\u00a0year\u00a0old\u00a0kids Little Stars Little stars is our Early Childhood music program that aims to introduce kids to the wonders of music. Here we focus on rhythm, pitch, and fun! Students will play and learn with a variety of instruments to see which direction they want to go in the future. BOOK [&hellip;]<\/p>","protected":false},"author":2,"featured_media":0,"parent":0,"menu_order":0,"comment_status":"closed","ping_status":"closed","template":"","meta":{"site-sidebar-layout":"no-sidebar","site-content-layout":"page-builder","ast-site-content-layout":"default","site-content-style":"default","site-sidebar-style":"default","ast-global-header-display":"","ast-banner-title-visibility":"","ast-main-header-display":"","ast-hfb-above-header-display":"","ast-hfb-below-header-display":"","ast-hfb-mobile-header-display":"","site-post-title":"disabled","ast-breadcrumbs-content":"","ast-featured-img":"disabled","footer-sml-layout":"","ast-disable-related-posts":"","theme-transparent-header-meta":"default","adv-header-id-meta":"","stick-header-meta":"","header-above-stick-meta":"","header-main-stick-meta":"","header-below-stick-meta":"","astra-migrate-meta-layouts":"default","ast-page-background-enabled":"default","ast-page-background-meta":{"desktop":{"background-color":"var(--ast-global-color-4)","background-image":"","background-repeat":"repeat","background-position":"center center","background-size":"auto","background-attachment":"scroll","background-type":"","background-media":"","overlay-type":"","overlay-color":"","overlay-opacity":"","overlay-gradient":""},"tablet":{"background-color":"","background-image":"","background-repeat":"repeat","background-position":"center center","background-size":"auto","background-attachment":"scroll","background-type":"","background-media":"","overlay-type":"","overlay-color":"","overlay-opacity":"","overlay-gradient":""},"mobile":{"background-color":"","background-image":"","background-repeat":"repeat","background-position":"center center","background-size":"auto","background-attachment":"scroll","background-type":"","background-media":"","overlay-type":"","overlay-color":"","overlay-opacity":"","overlay-gradient":""}},"ast-content-background-meta":{"desktop":{"background-color":"var(--ast-global-color-5)","background-image":"","background-repeat":"repeat","background-position":"center center","background-size":"auto","background-attachment":"scroll","background-type":"","background-media":"","overlay-type":"","overlay-color":"","overlay-opacity":"","overlay-gradient":""},"tablet":{"background-color":"var(--ast-global-color-5)","background-image":"","background-repeat":"repeat","background-position":"center center","background-size":"auto","background-attachment":"scroll","background-type":"","background-media":"","overlay-type":"","overlay-color":"","overlay-opacity":"","overlay-gradient":""},"mobile":{"background-color":"var(--ast-global-color-5)","background-image":"","background-repeat":"repeat","background-position":"center center","background-size":"auto","background-attachment":"scroll","background-type":"","background-media":"","overlay-type":"","overlay-color":"","overlay-opacity":"","overlay-gradient":""}},"footnotes":""},"class_list":["post-1594","page","type-page","status-publish","hentry"],"yoast_head":"<!-- This site is optimized with the Yoast SEO plugin v26.5 - https:\/\/yoast.com\/wordpress\/plugins\/seo\/ -->\n<title>Little Stars - Garden Music School<\/title>\n<meta name=\"robots\" content=\"index, follow, max-snippet:-1, max-image-preview:large, max-video-preview:-1\" \/>\n<link rel=\"canonical\" href=\"https:\/\/www.gardenmusiconline.com\/es\/little-stars\/\" \/>\n<meta property=\"og:locale\" content=\"es_ES\" \/>\n<meta property=\"og:type\" content=\"article\" \/>\n<meta property=\"og:title\" content=\"Little Stars - Garden Music School\" \/>\n<meta property=\"og:description\" content=\"Private lessons available for 3-5\u00a0year\u00a0old\u00a0kids Little Stars Little stars is our Early Childhood music program that aims to introduce kids to the wonders of music. Here we focus on rhythm, pitch, and fun! Students will play and learn with a variety of instruments to see which direction they want to go in the future. BOOK [&hellip;]\" \/>\n<meta property=\"og:url\" content=\"https:\/\/www.gardenmusiconline.com\/es\/little-stars\/\" \/>\n<meta property=\"og:site_name\" content=\"Garden Music School\" \/>\n<meta property=\"article:modified_time\" content=\"2024-03-12T16:37:24+00:00\" \/>\n<meta name=\"twitter:card\" content=\"summary_large_image\" \/>\n<script type=\"application\/ld+json\" class=\"yoast-schema-graph\">{\"@context\":\"https:\/\/schema.org\",\"@graph\":[{\"@type\":\"WebPage\",\"@id\":\"https:\/\/www.gardenmusiconline.com\/little-stars\/\",\"url\":\"https:\/\/www.gardenmusiconline.com\/little-stars\/\",\"name\":\"Little Stars - Garden Music School\",\"isPartOf\":{\"@id\":\"https:\/\/www.gardenmusiconline.com\/es\/#website\"},\"datePublished\":\"2022-11-26T10:47:29+00:00\",\"dateModified\":\"2024-03-12T16:37:24+00:00\",\"breadcrumb\":{\"@id\":\"https:\/\/www.gardenmusiconline.com\/little-stars\/#breadcrumb\"},\"inLanguage\":\"es\",\"potentialAction\":[{\"@type\":\"ReadAction\",\"target\":[\"https:\/\/www.gardenmusiconline.com\/little-stars\/\"]}]},{\"@type\":\"BreadcrumbList\",\"@id\":\"https:\/\/www.gardenmusiconline.com\/little-stars\/#breadcrumb\",\"itemListElement\":[{\"@type\":\"ListItem\",\"position\":1,\"name\":\"Home\",\"item\":\"https:\/\/www.gardenmusiconline.com\/\"},{\"@type\":\"ListItem\",\"position\":2,\"name\":\"Little Stars\"}]},{\"@type\":\"WebSite\",\"@id\":\"https:\/\/www.gardenmusiconline.com\/es\/#website\",\"url\":\"https:\/\/www.gardenmusiconline.com\/es\/\",\"name\":\"Garden Music School\",\"description\":\"\",\"potentialAction\":[{\"@type\":\"SearchAction\",\"target\":{\"@type\":\"EntryPoint\",\"urlTemplate\":\"https:\/\/www.gardenmusiconline.com\/es\/?s={search_term_string}\"},\"query-input\":{\"@type\":\"PropertyValueSpecification\",\"valueRequired\":true,\"valueName\":\"search_term_string\"}}],\"inLanguage\":\"es\"}]}<\/script>\n<!-- \/ Yoast SEO plugin. -->","yoast_head_json":{"title":"Little Stars - Garden Music School","robots":{"index":"index","follow":"follow","max-snippet":"max-snippet:-1","max-image-preview":"max-image-preview:large","max-video-preview":"max-video-preview:-1"},"canonical":"https:\/\/www.gardenmusiconline.com\/es\/little-stars\/","og_locale":"es_ES","og_type":"article","og_title":"Little Stars - Garden Music School","og_description":"Private lessons available for 3-5\u00a0year\u00a0old\u00a0kids Little Stars Little stars is our Early Childhood music program that aims to introduce kids to the wonders of music. Here we focus on rhythm, pitch, and fun! Students will play and learn with a variety of instruments to see which direction they want to go in the future. BOOK [&hellip;]","og_url":"https:\/\/www.gardenmusiconline.com\/es\/little-stars\/","og_site_name":"Garden Music School","article_modified_time":"2024-03-12T16:37:24+00:00","twitter_card":"summary_large_image","schema":{"@context":"https:\/\/schema.org","@graph":[{"@type":"WebPage","@id":"https:\/\/www.gardenmusiconline.com\/little-stars\/","url":"https:\/\/www.gardenmusiconline.com\/little-stars\/","name":"Little Stars - Garden Music School","isPartOf":{"@id":"https:\/\/www.gardenmusiconline.com\/es\/#website"},"datePublished":"2022-11-26T10:47:29+00:00","dateModified":"2024-03-12T16:37:24+00:00","breadcrumb":{"@id":"https:\/\/www.gardenmusiconline.com\/little-stars\/#breadcrumb"},"inLanguage":"es","potentialAction":[{"@type":"ReadAction","target":["https:\/\/www.gardenmusiconline.com\/little-stars\/"]}]},{"@type":"BreadcrumbList","@id":"https:\/\/www.gardenmusiconline.com\/little-stars\/#breadcrumb","itemListElement":[{"@type":"ListItem","position":1,"name":"Home","item":"https:\/\/www.gardenmusiconline.com\/"},{"@type":"ListItem","position":2,"name":"Little Stars"}]},{"@type":"WebSite","@id":"https:\/\/www.gardenmusiconline.com\/es\/#website","url":"https:\/\/www.gardenmusiconline.com\/es\/","name":"&nbsp;Garden Music School","description":"","potentialAction":[{"@type":"SearchAction","target":{"@type":"EntryPoint","urlTemplate":"https:\/\/www.gardenmusiconline.com\/es\/?s={search_term_string}"},"query-input":{"@type":"PropertyValueSpecification","valueRequired":true,"valueName":"search_term_string"}}],"inLanguage":"es"}]}},"_links":{"self":[{"href":"https:\/\/www.gardenmusiconline.com\/es\/wp-json\/wp\/v2\/pages\/1594","targetHints":{"allow":["GET"]}}],"collection":[{"href":"https:\/\/www.gardenmusiconline.com\/es\/wp-json\/wp\/v2\/pages"}],"about":[{"href":"https:\/\/www.gardenmusiconline.com\/es\/wp-json\/wp\/v2\/types\/page"}],"author":[{"embeddable":true,"href":"https:\/\/www.gardenmusiconline.com\/es\/wp-json\/wp\/v2\/users\/2"}],"replies":[{"embeddable":true,"href":"https:\/\/www.gardenmusiconline.com\/es\/wp-json\/wp\/v2\/comments?post=1594"}],"version-history":[{"count":0,"href":"https:\/\/www.gardenmusiconline.com\/es\/wp-json\/wp\/v2\/pages\/1594\/revisions"}],"wp:attachment":[{"href":"https:\/\/www.gardenmusiconline.com\/es\/wp-json\/wp\/v2\/media?parent=1594"}],"curies":[{"name":"wp","href":"https:\/\/api.w.org\/{rel}","templated":true}]}}