{"id":1268,"date":"2022-11-25T17:39:11","date_gmt":"2022-11-25T22:39:11","guid":{"rendered":"https:\/\/www.gardenmusiconline.com\/?page_id=1268"},"modified":"2026-01-19T17:20:34","modified_gmt":"2026-01-19T22:20:34","slug":"rock-lab","status":"publish","type":"page","link":"https:\/\/www.gardenmusiconline.com\/es\/rock-lab\/","title":{"rendered":"Laboratorio de Rock"},"content":{"rendered":"<div data-elementor-type=\"wp-page\" data-elementor-id=\"1268\" class=\"elementor elementor-1268\" data-elementor-post-type=\"page\">\n\t\t\t\t\t\t<section class=\"elementor-section elementor-top-section elementor-element elementor-element-485ce18 elementor-section-boxed elementor-section-height-default elementor-section-height-default\" data-id=\"485ce18\" data-element_type=\"section\" data-settings=\"{&quot;background_background&quot;:&quot;classic&quot;}\">\n\t\t\t\t\t\t\t<div class=\"elementor-background-overlay\"><\/div>\n\t\t\t\t\t\t\t<div class=\"elementor-container elementor-column-gap-extended\">\n\t\t\t\t\t<div class=\"elementor-column elementor-col-66 elementor-top-column elementor-element elementor-element-9a6b70b\" data-id=\"9a6b70b\" data-element_type=\"column\" data-settings=\"{&quot;background_background&quot;:&quot;gradient&quot;}\">\n\t\t\t<div class=\"elementor-widget-wrap elementor-element-populated\">\n\t\t\t\t\t\t<div class=\"elementor-element elementor-element-402e6b2 elementor-widget elementor-widget-heading\" data-id=\"402e6b2\" data-element_type=\"widget\" data-widget_type=\"heading.default\">\n\t\t\t\t<div class=\"elementor-widget-container\">\n\t\t\t\t\t<h3 class=\"elementor-heading-title elementor-size-large\">Nuestro programa exclusivo<\/h3>\t\t\t\t<\/div>\n\t\t\t\t<\/div>\n\t\t\t\t<div class=\"elementor-element elementor-element-3de5f1c elementor-widget elementor-widget-heading\" data-id=\"3de5f1c\" data-element_type=\"widget\" data-widget_type=\"heading.default\">\n\t\t\t\t<div class=\"elementor-widget-container\">\n\t\t\t\t\t<h1 class=\"elementor-heading-title elementor-size-xxl\">Laboratorio de Rock<\/h1>\t\t\t\t<\/div>\n\t\t\t\t<\/div>\n\t\t\t\t\t<\/div>\n\t\t<\/div>\n\t\t\t\t<div class=\"elementor-column elementor-col-33 elementor-top-column elementor-element elementor-element-7f8c0e0\" data-id=\"7f8c0e0\" data-element_type=\"column\">\n\t\t\t<div class=\"elementor-widget-wrap\">\n\t\t\t\t\t\t\t<\/div>\n\t\t<\/div>\n\t\t\t\t\t<\/div>\n\t\t<\/section>\n\t\t\t\t<section class=\"elementor-section elementor-top-section elementor-element elementor-element-1f3f677 elementor-section-boxed elementor-section-height-default elementor-section-height-default\" data-id=\"1f3f677\" data-element_type=\"section\" data-settings=\"{&quot;background_background&quot;:&quot;classic&quot;,&quot;shape_divider_bottom&quot;:&quot;tilt&quot;}\">\n\t\t\t\t\t<div class=\"elementor-shape elementor-shape-bottom\" aria-hidden=\"true\" data-negative=\"false\">\n\t\t\t<svg xmlns=\"http:\/\/www.w3.org\/2000\/svg\" viewbox=\"0 0 1000 100\" preserveaspectratio=\"none\">\n\t<path class=\"elementor-shape-fill\" d=\"M0,6V0h1000v100L0,6z\"\/>\n<\/svg>\t\t<\/div>\n\t\t\t\t\t<div class=\"elementor-container elementor-column-gap-default\">\n\t\t\t\t\t<div class=\"elementor-column elementor-col-100 elementor-top-column elementor-element elementor-element-f442f77\" data-id=\"f442f77\" data-element_type=\"column\">\n\t\t\t<div class=\"elementor-widget-wrap elementor-element-populated\">\n\t\t\t\t\t\t<div class=\"elementor-element elementor-element-aee72a8 elementor-widget elementor-widget-heading\" data-id=\"aee72a8\" data-element_type=\"widget\" data-widget_type=\"heading.default\">\n\t\t\t\t<div class=\"elementor-widget-container\">\n\t\t\t\t\t<p class=\"elementor-heading-title elementor-size-large\">Tenemos la escuela m\u00e1s <strong> incre\u00edble, moderna <\/strong> y uno  <strong>interactiva <\/strong> de Orlando con un fant\u00e1stico programa llamado  <strong>Rock LAB. <\/strong>\n<\/p>\t\t\t\t<\/div>\n\t\t\t\t<\/div>\n\t\t\t\t\t<\/div>\n\t\t<\/div>\n\t\t\t\t\t<\/div>\n\t\t<\/section>\n\t\t\t\t<section class=\"elementor-section elementor-top-section elementor-element elementor-element-c29cc5b elementor-section-boxed elementor-section-height-default elementor-section-height-default\" data-id=\"c29cc5b\" data-element_type=\"section\" data-settings=\"{&quot;background_background&quot;:&quot;classic&quot;}\">\n\t\t\t\t\t\t\t<div class=\"elementor-background-overlay\"><\/div>\n\t\t\t\t\t\t\t<div class=\"elementor-container elementor-column-gap-extended\">\n\t\t\t\t\t<div class=\"elementor-column elementor-col-50 elementor-top-column elementor-element elementor-element-a4abb1c\" data-id=\"a4abb1c\" data-element_type=\"column\">\n\t\t\t<div class=\"elementor-widget-wrap elementor-element-populated\">\n\t\t\t\t\t\t<div class=\"elementor-element elementor-element-41953d7 elementor-widget elementor-widget-text-editor\" data-id=\"41953d7\" data-element_type=\"widget\" data-widget_type=\"text-editor.default\">\n\t\t\t\t<div class=\"elementor-widget-container\">\n\t\t\t\t\t\t\t\t\t<p>Our unique Rock Lab program offers 2 hours a week <span style=\"color: #ed1c24;\">de 1 hora a la semana para todos los grupos de edad.<\/span><\/p>\t\t\t\t\t\t\t\t<\/div>\n\t\t\t\t<\/div>\n\t\t\t\t\t<\/div>\n\t\t<\/div>\n\t\t\t\t<div class=\"elementor-column elementor-col-50 elementor-top-column elementor-element elementor-element-c034256\" data-id=\"c034256\" data-element_type=\"column\">\n\t\t\t<div class=\"elementor-widget-wrap elementor-element-populated\">\n\t\t\t\t\t\t<div class=\"elementor-element elementor-element-8078c18 elementor-widget elementor-widget-image\" data-id=\"8078c18\" data-element_type=\"widget\" data-widget_type=\"image.default\">\n\t\t\t\t<div class=\"elementor-widget-container\">\n\t\t\t\t\t\t\t\t\t\t\t\t\t\t\t<img fetchpriority=\"high\" decoding=\"async\" width=\"512\" height=\"512\" src=\"https:\/\/www.gardenmusiconline.com\/wp-content\/uploads\/2022\/09\/cropped-Logo-Garden-Music-School.png\" class=\"attachment-large size-large wp-image-208\" alt=\"\" srcset=\"https:\/\/www.gardenmusiconline.com\/wp-content\/uploads\/2022\/09\/cropped-Logo-Garden-Music-School.png 512w, https:\/\/www.gardenmusiconline.com\/wp-content\/uploads\/2022\/09\/cropped-Logo-Garden-Music-School-300x300.png 300w, https:\/\/www.gardenmusiconline.com\/wp-content\/uploads\/2022\/09\/cropped-Logo-Garden-Music-School-150x150.png 150w, https:\/\/www.gardenmusiconline.com\/wp-content\/uploads\/2022\/09\/cropped-Logo-Garden-Music-School-100x100.png 100w, https:\/\/www.gardenmusiconline.com\/wp-content\/uploads\/2022\/09\/cropped-Logo-Garden-Music-School-270x270.png 270w, https:\/\/www.gardenmusiconline.com\/wp-content\/uploads\/2022\/09\/cropped-Logo-Garden-Music-School-192x192.png 192w, https:\/\/www.gardenmusiconline.com\/wp-content\/uploads\/2022\/09\/cropped-Logo-Garden-Music-School-180x180.png 180w, https:\/\/www.gardenmusiconline.com\/wp-content\/uploads\/2022\/09\/cropped-Logo-Garden-Music-School-32x32.png 32w\" sizes=\"(max-width: 512px) 100vw, 512px\" \/>\t\t\t\t\t\t\t\t\t\t\t\t\t\t\t<\/div>\n\t\t\t\t<\/div>\n\t\t\t\t\t<\/div>\n\t\t<\/div>\n\t\t\t\t\t<\/div>\n\t\t<\/section>\n\t\t\t\t<section class=\"elementor-section elementor-top-section elementor-element elementor-element-0c6afea elementor-section-boxed elementor-section-height-default elementor-section-height-default\" data-id=\"0c6afea\" data-element_type=\"section\" data-settings=\"{&quot;background_background&quot;:&quot;classic&quot;}\">\n\t\t\t\t\t\t\t<div class=\"elementor-background-overlay\"><\/div>\n\t\t\t\t\t\t\t<div class=\"elementor-container elementor-column-gap-extended\">\n\t\t\t\t\t<div class=\"elementor-column elementor-col-50 elementor-top-column elementor-element elementor-element-65f7027\" data-id=\"65f7027\" data-element_type=\"column\">\n\t\t\t<div class=\"elementor-widget-wrap elementor-element-populated\">\n\t\t\t\t\t\t<div class=\"elementor-element elementor-element-681e0cf elementor-widget elementor-widget-image\" data-id=\"681e0cf\" data-element_type=\"widget\" data-widget_type=\"image.default\">\n\t\t\t\t<div class=\"elementor-widget-container\">\n\t\t\t\t\t\t\t\t\t\t\t\t\t\t\t<img decoding=\"async\" width=\"1024\" height=\"1024\" src=\"https:\/\/www.gardenmusiconline.com\/wp-content\/uploads\/2022\/12\/Logo-de-Rock-LAB-1024x1024.png\" class=\"attachment-large size-large wp-image-3076\" alt=\"\" srcset=\"https:\/\/www.gardenmusiconline.com\/wp-content\/uploads\/2022\/12\/Logo-de-Rock-LAB-1024x1024.png 1024w, https:\/\/www.gardenmusiconline.com\/wp-content\/uploads\/2022\/12\/Logo-de-Rock-LAB-300x300.png 300w, https:\/\/www.gardenmusiconline.com\/wp-content\/uploads\/2022\/12\/Logo-de-Rock-LAB-150x150.png 150w, https:\/\/www.gardenmusiconline.com\/wp-content\/uploads\/2022\/12\/Logo-de-Rock-LAB-768x768.png 768w, https:\/\/www.gardenmusiconline.com\/wp-content\/uploads\/2022\/12\/Logo-de-Rock-LAB-12x12.png 12w, https:\/\/www.gardenmusiconline.com\/wp-content\/uploads\/2022\/12\/Logo-de-Rock-LAB-600x600.png 600w, https:\/\/www.gardenmusiconline.com\/wp-content\/uploads\/2022\/12\/Logo-de-Rock-LAB-100x100.png 100w, https:\/\/www.gardenmusiconline.com\/wp-content\/uploads\/2022\/12\/Logo-de-Rock-LAB.png 1080w\" sizes=\"(max-width: 1024px) 100vw, 1024px\" \/>\t\t\t\t\t\t\t\t\t\t\t\t\t\t\t<\/div>\n\t\t\t\t<\/div>\n\t\t\t\t<div class=\"elementor-element elementor-element-f4ced2f elementor-hidden-desktop elementor-hidden-mobile elementor-widget elementor-widget-heading\" data-id=\"f4ced2f\" data-element_type=\"widget\" data-widget_type=\"heading.default\">\n\t\t\t\t<div class=\"elementor-widget-container\">\n\t\t\t\t\t<p class=\"elementor-heading-title elementor-size-large\">\u00a1Es una mezcla perfecta de teor\u00eda y t\u00e9cnica!\n<\/p>\t\t\t\t<\/div>\n\t\t\t\t<\/div>\n\t\t\t\t\t<\/div>\n\t\t<\/div>\n\t\t\t\t<div class=\"elementor-column elementor-col-50 elementor-top-column elementor-element elementor-element-9f36f84\" data-id=\"9f36f84\" data-element_type=\"column\">\n\t\t\t<div class=\"elementor-widget-wrap elementor-element-populated\">\n\t\t\t\t\t\t<div class=\"elementor-element elementor-element-bc1d058 elementor-hidden-tablet elementor-widget elementor-widget-spacer\" data-id=\"bc1d058\" data-element_type=\"widget\" data-widget_type=\"spacer.default\">\n\t\t\t\t<div class=\"elementor-widget-container\">\n\t\t\t\t\t\t\t<div class=\"elementor-spacer\">\n\t\t\t<div class=\"elementor-spacer-inner\"><\/div>\n\t\t<\/div>\n\t\t\t\t\t\t<\/div>\n\t\t\t\t<\/div>\n\t\t\t\t<div class=\"elementor-element elementor-element-aef0237 elementor-widget elementor-widget-text-editor\" data-id=\"aef0237\" data-element_type=\"widget\" data-widget_type=\"text-editor.default\">\n\t\t\t\t<div class=\"elementor-widget-container\">\n\t\t\t\t\t\t\t\t\t<p>\u00a1Este innovador programa es m\u00e1s que solo m\u00fasica! <strong>Aprender un instrumento, grabar, entrenar el o\u00eddo y leer m\u00fasica<\/strong> ser\u00e1 solo una parte de lo que ofrece este INCRE\u00cdBLE programa. Los estudiantes tambi\u00e9n aprender\u00e1n a tocar juntos en un entorno <strong>interactivo<\/strong> con otros m\u00fasicos nuevos al formar<strong> su propia banda.<\/strong><\/p>\t\t\t\t\t\t\t\t<\/div>\n\t\t\t\t<\/div>\n\t\t\t\t<div class=\"elementor-element elementor-element-7d93eea elementor-hidden-tablet elementor-widget elementor-widget-heading\" data-id=\"7d93eea\" data-element_type=\"widget\" data-widget_type=\"heading.default\">\n\t\t\t\t<div class=\"elementor-widget-container\">\n\t\t\t\t\t<p class=\"elementor-heading-title elementor-size-large\">\u00a1Es una mezcla perfecta de teor\u00eda y t\u00e9cnica!\n<\/p>\t\t\t\t<\/div>\n\t\t\t\t<\/div>\n\t\t\t\t\t<\/div>\n\t\t<\/div>\n\t\t\t\t\t<\/div>\n\t\t<\/section>\n\t\t\t\t<section class=\"elementor-section elementor-top-section elementor-element elementor-element-bc90d57 elementor-section-full_width elementor-section-stretched elementor-section-height-default elementor-section-height-default\" data-id=\"bc90d57\" data-element_type=\"section\" data-settings=\"{&quot;stretch_section&quot;:&quot;section-stretched&quot;}\">\n\t\t\t\t\t\t<div class=\"elementor-container elementor-column-gap-default\">\n\t\t\t\t\t<div class=\"elementor-column elementor-col-50 elementor-top-column elementor-element elementor-element-06c2135\" data-id=\"06c2135\" data-element_type=\"column\" data-settings=\"{&quot;background_background&quot;:&quot;classic&quot;}\">\n\t\t\t<div class=\"elementor-widget-wrap elementor-element-populated\">\n\t\t\t\t\t<div class=\"elementor-background-overlay\"><\/div>\n\t\t\t\t\t\t<div class=\"elementor-element elementor-element-8f18243 elementor-widget elementor-widget-text-editor\" data-id=\"8f18243\" data-element_type=\"widget\" data-widget_type=\"text-editor.default\">\n\t\t\t\t<div class=\"elementor-widget-container\">\n\t\t\t\t\t\t\t\t\t<p><span style=\"font-weight: 400;\">Los estudiantes actuar\u00e1n en el <strong>Teatro de Garden Music School,<\/strong> adem\u00e1s de tener la oportunidad de participar en <strong>eventos y conciertos locales.<\/strong><\/span><\/p>\t\t\t\t\t\t\t\t<\/div>\n\t\t\t\t<\/div>\n\t\t\t\t<div class=\"elementor-element elementor-element-d0f4fcf elementor-align-center elementor-mobile-align-center elementor-hidden-desktop elementor-hidden-tablet elementor-hidden-mobile elementor-widget elementor-widget-button\" data-id=\"d0f4fcf\" data-element_type=\"widget\" data-widget_type=\"button.default\">\n\t\t\t\t<div class=\"elementor-widget-container\">\n\t\t\t\t\t\t\t\t\t<div class=\"elementor-button-wrapper\">\n\t\t\t\t\t<a class=\"elementor-button elementor-button-link elementor-size-xl elementor-animation-pulse\" href=\"https:\/\/www.gardenmusiconline.com\/es\/events\/\" target=\"_blank\">\n\t\t\t\t\t\t<span class=\"elementor-button-content-wrapper\">\n\t\t\t\t\t\t<span class=\"elementor-button-icon\">\n\t\t\t\t<i aria-hidden=\"true\" class=\"fas fa-arrow-circle-right\"><\/i>\t\t\t<\/span>\n\t\t\t\t\t\t\t\t\t<span class=\"elementor-button-text\">VER PR\u00d3XIMOS EVENTOS<\/span>\n\t\t\t\t\t<\/span>\n\t\t\t\t\t<\/a>\n\t\t\t\t<\/div>\n\t\t\t\t\t\t\t\t<\/div>\n\t\t\t\t<\/div>\n\t\t\t\t\t<\/div>\n\t\t<\/div>\n\t\t\t\t<div class=\"elementor-column elementor-col-50 elementor-top-column elementor-element elementor-element-e33a7fd\" data-id=\"e33a7fd\" data-element_type=\"column\" data-settings=\"{&quot;background_background&quot;:&quot;classic&quot;}\">\n\t\t\t<div class=\"elementor-widget-wrap elementor-element-populated\">\n\t\t\t\t\t<div class=\"elementor-background-overlay\"><\/div>\n\t\t\t\t\t\t<div class=\"elementor-element elementor-element-04303c1 elementor-widget elementor-widget-image\" data-id=\"04303c1\" data-element_type=\"widget\" data-widget_type=\"image.default\">\n\t\t\t\t<div class=\"elementor-widget-container\">\n\t\t\t\t\t\t\t\t\t\t\t\t\t\t\t<img decoding=\"async\" width=\"1024\" height=\"684\" src=\"https:\/\/www.gardenmusiconline.com\/wp-content\/uploads\/2022\/10\/JBC_8521-1024x684-1.jpg\" class=\"attachment-large size-large wp-image-474\" alt=\"\" srcset=\"https:\/\/www.gardenmusiconline.com\/wp-content\/uploads\/2022\/10\/JBC_8521-1024x684-1.jpg 1024w, https:\/\/www.gardenmusiconline.com\/wp-content\/uploads\/2022\/10\/JBC_8521-1024x684-1-300x200.jpg 300w, https:\/\/www.gardenmusiconline.com\/wp-content\/uploads\/2022\/10\/JBC_8521-1024x684-1-768x513.jpg 768w, https:\/\/www.gardenmusiconline.com\/wp-content\/uploads\/2022\/10\/JBC_8521-1024x684-1-600x401.jpg 600w\" sizes=\"(max-width: 1024px) 100vw, 1024px\" \/>\t\t\t\t\t\t\t\t\t\t\t\t\t\t\t<\/div>\n\t\t\t\t<\/div>\n\t\t\t\t\t<\/div>\n\t\t<\/div>\n\t\t\t\t\t<\/div>\n\t\t<\/section>\n\t\t\t\t<\/div>","protected":false},"excerpt":{"rendered":"<p>Our exclusive program Rock Lab We have the most amazing, modern and interactive school in Orlando with a fantastic program called Rock LAB. Our unique Rock Lab program offers 2 hours a week band development sessions for all age groups. It&#8217;s a perfect mix of theory and technique! This innovative program is more than just [&hellip;]<\/p>","protected":false},"author":2,"featured_media":0,"parent":0,"menu_order":0,"comment_status":"closed","ping_status":"closed","template":"","meta":{"site-sidebar-layout":"no-sidebar","site-content-layout":"page-builder","ast-site-content-layout":"default","site-content-style":"default","site-sidebar-style":"default","ast-global-header-display":"","ast-banner-title-visibility":"","ast-main-header-display":"","ast-hfb-above-header-display":"","ast-hfb-below-header-display":"","ast-hfb-mobile-header-display":"","site-post-title":"disabled","ast-breadcrumbs-content":"","ast-featured-img":"disabled","footer-sml-layout":"","ast-disable-related-posts":"","theme-transparent-header-meta":"","adv-header-id-meta":"","stick-header-meta":"","header-above-stick-meta":"","header-main-stick-meta":"","header-below-stick-meta":"","astra-migrate-meta-layouts":"default","ast-page-background-enabled":"default","ast-page-background-meta":{"desktop":{"background-color":"var(--ast-global-color-4)","background-image":"","background-repeat":"repeat","background-position":"center center","background-size":"auto","background-attachment":"scroll","background-type":"","background-media":"","overlay-type":"","overlay-color":"","overlay-opacity":"","overlay-gradient":""},"tablet":{"background-color":"","background-image":"","background-repeat":"repeat","background-position":"center center","background-size":"auto","background-attachment":"scroll","background-type":"","background-media":"","overlay-type":"","overlay-color":"","overlay-opacity":"","overlay-gradient":""},"mobile":{"background-color":"","background-image":"","background-repeat":"repeat","background-position":"center center","background-size":"auto","background-attachment":"scroll","background-type":"","background-media":"","overlay-type":"","overlay-color":"","overlay-opacity":"","overlay-gradient":""}},"ast-content-background-meta":{"desktop":{"background-color":"var(--ast-global-color-5)","background-image":"","background-repeat":"repeat","background-position":"center center","background-size":"auto","background-attachment":"scroll","background-type":"","background-media":"","overlay-type":"","overlay-color":"","overlay-opacity":"","overlay-gradient":""},"tablet":{"background-color":"var(--ast-global-color-5)","background-image":"","background-repeat":"repeat","background-position":"center center","background-size":"auto","background-attachment":"scroll","background-type":"","background-media":"","overlay-type":"","overlay-color":"","overlay-opacity":"","overlay-gradient":""},"mobile":{"background-color":"var(--ast-global-color-5)","background-image":"","background-repeat":"repeat","background-position":"center center","background-size":"auto","background-attachment":"scroll","background-type":"","background-media":"","overlay-type":"","overlay-color":"","overlay-opacity":"","overlay-gradient":""}},"footnotes":""},"class_list":["post-1268","page","type-page","status-publish","hentry"],"yoast_head":"<!-- This site is optimized with the Yoast SEO plugin v26.5 - https:\/\/yoast.com\/wordpress\/plugins\/seo\/ -->\n<title>Rock Lab - Garden Music School<\/title>\n<meta name=\"robots\" content=\"index, follow, max-snippet:-1, max-image-preview:large, max-video-preview:-1\" \/>\n<link rel=\"canonical\" href=\"https:\/\/www.gardenmusiconline.com\/es\/rock-lab\/\" \/>\n<meta property=\"og:locale\" content=\"es_ES\" \/>\n<meta property=\"og:type\" content=\"article\" \/>\n<meta property=\"og:title\" content=\"Rock Lab - Garden Music School\" \/>\n<meta property=\"og:description\" content=\"Our exclusive program Rock Lab We have the most amazing, modern and interactive school in Orlando with a fantastic program called Rock LAB. Our unique Rock Lab program offers 2 hours a week band development sessions for all age groups. It&#8217;s a perfect mix of theory and technique! This innovative program is more than just [&hellip;]\" \/>\n<meta property=\"og:url\" content=\"https:\/\/www.gardenmusiconline.com\/es\/rock-lab\/\" \/>\n<meta property=\"og:site_name\" content=\"Garden Music School\" \/>\n<meta property=\"article:modified_time\" content=\"2026-01-19T22:20:34+00:00\" \/>\n<meta property=\"og:image\" content=\"https:\/\/www.gardenmusiconline.com\/wp-content\/uploads\/2022\/09\/cropped-Logo-Garden-Music-School.png\" \/>\n\t<meta property=\"og:image:width\" content=\"512\" \/>\n\t<meta property=\"og:image:height\" content=\"512\" \/>\n\t<meta property=\"og:image:type\" content=\"image\/png\" \/>\n<meta name=\"twitter:card\" content=\"summary_large_image\" \/>\n<meta name=\"twitter:label1\" content=\"Tiempo de lectura\" \/>\n\t<meta name=\"twitter:data1\" content=\"2 minutos\" \/>\n<script type=\"application\/ld+json\" class=\"yoast-schema-graph\">{\"@context\":\"https:\/\/schema.org\",\"@graph\":[{\"@type\":\"WebPage\",\"@id\":\"https:\/\/www.gardenmusiconline.com\/rock-lab\/\",\"url\":\"https:\/\/www.gardenmusiconline.com\/rock-lab\/\",\"name\":\"Rock Lab - Garden Music School\",\"isPartOf\":{\"@id\":\"https:\/\/www.gardenmusiconline.com\/es\/#website\"},\"primaryImageOfPage\":{\"@id\":\"https:\/\/www.gardenmusiconline.com\/rock-lab\/#primaryimage\"},\"image\":{\"@id\":\"https:\/\/www.gardenmusiconline.com\/rock-lab\/#primaryimage\"},\"thumbnailUrl\":\"https:\/\/www.gardenmusiconline.com\/wp-content\/uploads\/2022\/09\/cropped-Logo-Garden-Music-School.png\",\"datePublished\":\"2022-11-25T22:39:11+00:00\",\"dateModified\":\"2026-01-19T22:20:34+00:00\",\"breadcrumb\":{\"@id\":\"https:\/\/www.gardenmusiconline.com\/rock-lab\/#breadcrumb\"},\"inLanguage\":\"es\",\"potentialAction\":[{\"@type\":\"ReadAction\",\"target\":[\"https:\/\/www.gardenmusiconline.com\/rock-lab\/\"]}]},{\"@type\":\"ImageObject\",\"inLanguage\":\"es\",\"@id\":\"https:\/\/www.gardenmusiconline.com\/rock-lab\/#primaryimage\",\"url\":\"https:\/\/www.gardenmusiconline.com\/wp-content\/uploads\/2022\/09\/cropped-Logo-Garden-Music-School.png\",\"contentUrl\":\"https:\/\/www.gardenmusiconline.com\/wp-content\/uploads\/2022\/09\/cropped-Logo-Garden-Music-School.png\"},{\"@type\":\"BreadcrumbList\",\"@id\":\"https:\/\/www.gardenmusiconline.com\/rock-lab\/#breadcrumb\",\"itemListElement\":[{\"@type\":\"ListItem\",\"position\":1,\"name\":\"Home\",\"item\":\"https:\/\/www.gardenmusiconline.com\/\"},{\"@type\":\"ListItem\",\"position\":2,\"name\":\"Rock Lab\"}]},{\"@type\":\"WebSite\",\"@id\":\"https:\/\/www.gardenmusiconline.com\/es\/#website\",\"url\":\"https:\/\/www.gardenmusiconline.com\/es\/\",\"name\":\"Garden Music School\",\"description\":\"\",\"potentialAction\":[{\"@type\":\"SearchAction\",\"target\":{\"@type\":\"EntryPoint\",\"urlTemplate\":\"https:\/\/www.gardenmusiconline.com\/es\/?s={search_term_string}\"},\"query-input\":{\"@type\":\"PropertyValueSpecification\",\"valueRequired\":true,\"valueName\":\"search_term_string\"}}],\"inLanguage\":\"es\"}]}<\/script>\n<!-- \/ Yoast SEO plugin. -->","yoast_head_json":{"title":"Rock Lab - Garden Music School","robots":{"index":"index","follow":"follow","max-snippet":"max-snippet:-1","max-image-preview":"max-image-preview:large","max-video-preview":"max-video-preview:-1"},"canonical":"https:\/\/www.gardenmusiconline.com\/es\/rock-lab\/","og_locale":"es_ES","og_type":"article","og_title":"Rock Lab - Garden Music School","og_description":"Our exclusive program Rock Lab We have the most amazing, modern and interactive school in Orlando with a fantastic program called Rock LAB. Our unique Rock Lab program offers 2 hours a week band development sessions for all age groups. It&#8217;s a perfect mix of theory and technique! This innovative program is more than just [&hellip;]","og_url":"https:\/\/www.gardenmusiconline.com\/es\/rock-lab\/","og_site_name":"Garden Music School","article_modified_time":"2026-01-19T22:20:34+00:00","og_image":[{"width":512,"height":512,"url":"https:\/\/www.gardenmusiconline.com\/wp-content\/uploads\/2022\/09\/cropped-Logo-Garden-Music-School.png","type":"image\/png"}],"twitter_card":"summary_large_image","twitter_misc":{"Tiempo de lectura":"2 minutos"},"schema":{"@context":"https:\/\/schema.org","@graph":[{"@type":"WebPage","@id":"https:\/\/www.gardenmusiconline.com\/rock-lab\/","url":"https:\/\/www.gardenmusiconline.com\/rock-lab\/","name":"Rock Lab - Garden Music School","isPartOf":{"@id":"https:\/\/www.gardenmusiconline.com\/es\/#website"},"primaryImageOfPage":{"@id":"https:\/\/www.gardenmusiconline.com\/rock-lab\/#primaryimage"},"image":{"@id":"https:\/\/www.gardenmusiconline.com\/rock-lab\/#primaryimage"},"thumbnailUrl":"https:\/\/www.gardenmusiconline.com\/wp-content\/uploads\/2022\/09\/cropped-Logo-Garden-Music-School.png","datePublished":"2022-11-25T22:39:11+00:00","dateModified":"2026-01-19T22:20:34+00:00","breadcrumb":{"@id":"https:\/\/www.gardenmusiconline.com\/rock-lab\/#breadcrumb"},"inLanguage":"es","potentialAction":[{"@type":"ReadAction","target":["https:\/\/www.gardenmusiconline.com\/rock-lab\/"]}]},{"@type":"ImageObject","inLanguage":"es","@id":"https:\/\/www.gardenmusiconline.com\/rock-lab\/#primaryimage","url":"https:\/\/www.gardenmusiconline.com\/wp-content\/uploads\/2022\/09\/cropped-Logo-Garden-Music-School.png","contentUrl":"https:\/\/www.gardenmusiconline.com\/wp-content\/uploads\/2022\/09\/cropped-Logo-Garden-Music-School.png"},{"@type":"BreadcrumbList","@id":"https:\/\/www.gardenmusiconline.com\/rock-lab\/#breadcrumb","itemListElement":[{"@type":"ListItem","position":1,"name":"Home","item":"https:\/\/www.gardenmusiconline.com\/"},{"@type":"ListItem","position":2,"name":"Rock Lab"}]},{"@type":"WebSite","@id":"https:\/\/www.gardenmusiconline.com\/es\/#website","url":"https:\/\/www.gardenmusiconline.com\/es\/","name":"&nbsp;Garden Music School","description":"","potentialAction":[{"@type":"SearchAction","target":{"@type":"EntryPoint","urlTemplate":"https:\/\/www.gardenmusiconline.com\/es\/?s={search_term_string}"},"query-input":{"@type":"PropertyValueSpecification","valueRequired":true,"valueName":"search_term_string"}}],"inLanguage":"es"}]}},"_links":{"self":[{"href":"https:\/\/www.gardenmusiconline.com\/es\/wp-json\/wp\/v2\/pages\/1268","targetHints":{"allow":["GET"]}}],"collection":[{"href":"https:\/\/www.gardenmusiconline.com\/es\/wp-json\/wp\/v2\/pages"}],"about":[{"href":"https:\/\/www.gardenmusiconline.com\/es\/wp-json\/wp\/v2\/types\/page"}],"author":[{"embeddable":true,"href":"https:\/\/www.gardenmusiconline.com\/es\/wp-json\/wp\/v2\/users\/2"}],"replies":[{"embeddable":true,"href":"https:\/\/www.gardenmusiconline.com\/es\/wp-json\/wp\/v2\/comments?post=1268"}],"version-history":[{"count":3,"href":"https:\/\/www.gardenmusiconline.com\/es\/wp-json\/wp\/v2\/pages\/1268\/revisions"}],"predecessor-version":[{"id":10517,"href":"https:\/\/www.gardenmusiconline.com\/es\/wp-json\/wp\/v2\/pages\/1268\/revisions\/10517"}],"wp:attachment":[{"href":"https:\/\/www.gardenmusiconline.com\/es\/wp-json\/wp\/v2\/media?parent=1268"}],"curies":[{"name":"wp","href":"https:\/\/api.w.org\/{rel}","templated":true}]}}